{"id":410,"date":"2021-04-23T15:58:47","date_gmt":"2021-04-23T15:58:47","guid":{"rendered":"https:\/\/tierheilpraxiskleespies.de\/?page_id=410"},"modified":"2023-03-25T16:15:37","modified_gmt":"2023-03-25T16:15:37","slug":"ueber-mich","status":"publish","type":"page","link":"https:\/\/tierheilpraxiskleespies.de\/?page_id=410","title":{"rendered":"\u00dcber mich&#8230;"},"content":{"rendered":"<div class=\"wp-block-image is-style-rounded\">\n<figure class=\"alignleft size-large is-resized\"><img loading=\"lazy\" decoding=\"async\" src=\"https:\/\/tierheilpraxiskleespies.de\/wp-content\/uploads\/2021\/04\/IMG_20210425_173050-768x1024.jpg\" alt=\"\" class=\"wp-image-538\" width=\"322\" height=\"429\" srcset=\"https:\/\/tierheilpraxiskleespies.de\/wp-content\/uploads\/2021\/04\/IMG_20210425_173050-768x1024.jpg 768w, https:\/\/tierheilpraxiskleespies.de\/wp-content\/uploads\/2021\/04\/IMG_20210425_173050-225x300.jpg 225w, https:\/\/tierheilpraxiskleespies.de\/wp-content\/uploads\/2021\/04\/IMG_20210425_173050-1152x1536.jpg 1152w, https:\/\/tierheilpraxiskleespies.de\/wp-content\/uploads\/2021\/04\/IMG_20210425_173050-1536x2048.jpg 1536w, https:\/\/tierheilpraxiskleespies.de\/wp-content\/uploads\/2021\/04\/IMG_20210425_173050-scaled.jpg 1920w\" sizes=\"auto, (max-width: 322px) 100vw, 322px\" \/><\/figure>\n<\/div>\n\n\n<p>Eine Zusammenarbeit mit Tierarzt ist mir sehr wichtig, da die Naturheilkunde oft auch erg\u00e4nzend zur Schulmedizin eine noch effektivere Heilung hervorbringen kann.<\/p>\n\n\n\n<p>Ich lebe zusammen mit meinem Mann, meiner Tochter, Hund, Katze und  Zwergziegen in Dingolshausen.  Schon im Kindesalter war es meine gr\u00f6\u00dfte Leidenschaft Tieren zu helfen und sie gesund zu pflegen. Erst im Jahr 2018 erm\u00f6glichte ich mir meinen Kindheitstraum und absolvierte nach 2-j\u00e4hrige  Ausbildung zur zertifizierten Tierheilpraktikerin  vor dem <strong><span style=\"color:#00d084\" class=\"tadv-color\">Verband Freier Tierheilpraktiker<\/span><\/strong> die Verbandspr\u00fcfung. <\/p>\n\n\n\n<p><\/p>\n\n\n\n<p><\/p>\n\n\n\n<p><\/p>\n\n\n\n<p><\/p>\n\n\n\n<p><\/p>\n\n\n\n<p>Im Anschluss erlernte ich den Umgang mit der <span style=\"color:#00d084\" class=\"tadv-color\"><strong>Bioresonanztherapie<\/strong><\/span>, um auch Ihren Tieren eine umfangreiche\u00a0alternative\u00a0und\u00a0technologische Therapie zu erm\u00f6glichen.<\/p>\n\n\n\n<p>Im humanen Bereich&nbsp;wird die Bioresonanz&nbsp;erfolgreich eingesetzt und ich m\u00f6chte dies auch unseren vierbeinigen Freunden erm\u00f6glichen.&nbsp;<\/p>\n\n\n\n<figure class=\"wp-block-image size-large is-resized is-style-rounded\"><img loading=\"lazy\" decoding=\"async\" src=\"https:\/\/tierheilpraxiskleespies.de\/wp-content\/uploads\/2021\/06\/IMG_20210627_175901-e1624810029484.jpg\" alt=\"\" class=\"wp-image-630\" width=\"155\" height=\"155\"\/><\/figure>\n\n\n\n<figure class=\"wp-block-image size-large is-resized is-style-rounded\"><img loading=\"lazy\" decoding=\"async\" src=\"https:\/\/tierheilpraxiskleespies.de\/wp-content\/uploads\/2021\/06\/16248103931493054206527860798638-scaled-e1624810516543-1024x768.jpg\" alt=\"\" class=\"wp-image-633\" width=\"158\" height=\"118\" srcset=\"https:\/\/tierheilpraxiskleespies.de\/wp-content\/uploads\/2021\/06\/16248103931493054206527860798638-scaled-e1624810516543-1024x768.jpg 1024w, https:\/\/tierheilpraxiskleespies.de\/wp-content\/uploads\/2021\/06\/16248103931493054206527860798638-scaled-e1624810516543-300x225.jpg 300w, https:\/\/tierheilpraxiskleespies.de\/wp-content\/uploads\/2021\/06\/16248103931493054206527860798638-scaled-e1624810516543-768x576.jpg 768w, https:\/\/tierheilpraxiskleespies.de\/wp-content\/uploads\/2021\/06\/16248103931493054206527860798638-scaled-e1624810516543-1536x1152.jpg 1536w, https:\/\/tierheilpraxiskleespies.de\/wp-content\/uploads\/2021\/06\/16248103931493054206527860798638-scaled-e1624810516543-2048x1536.jpg 2048w\" sizes=\"auto, (max-width: 158px) 100vw, 158px\" \/><\/figure>\n\n\n\n<p> <\/p>\n","protected":false},"excerpt":{"rendered":"<p>Eine Zusammenarbeit mit Tierarzt ist mir sehr wichtig, da die Naturheilkunde oft auch erg\u00e4nzend zur Schulmedizin eine noch effektivere Heilung hervorbringen kann. Ich lebe zusammen mit meinem Mann, meiner Tochter, Hund, Katze und Zwergziegen in Dingolshausen. Schon im Kindesalter war es meine gr\u00f6\u00dfte Leidenschaft Tieren zu helfen und sie gesund zu pflegen. Erst im Jahr 2018 erm\u00f6glichte ich mir meinen Kindheitstraum und absolvierte nach 2-j\u00e4hrige Ausbildung zur zertifizierten Tierheilpraktikerin vor dem Verband Freier Tierheilpraktiker die Verbandspr\u00fcfung. Im Anschluss erlernte ich den Umgang mit der Bioresonanztherapie, um auch Ihren Tieren eine umfangreiche\u00a0alternative\u00a0und\u00a0technologische Therapie zu erm\u00f6glichen. Im humanen Bereich&nbsp;wird die Bioresonanz&nbsp;erfolgreich eingesetzt und ich m\u00f6chte dies auch unseren vierbeinigen Freunden erm\u00f6glichen.&nbsp;<\/p>\n","protected":false},"author":1,"featured_media":630,"parent":0,"menu_order":1,"comment_status":"closed","ping_status":"closed","template":"","meta":{"_kadence_starter_templates_imported_post":false,"footnotes":""},"class_list":["post-410","page","type-page","status-publish","has-post-thumbnail","hentry"],"_links":{"self":[{"href":"https:\/\/tierheilpraxiskleespies.de\/index.php?rest_route=\/wp\/v2\/pages\/410","targetHints":{"allow":["GET"]}}],"collection":[{"href":"https:\/\/tierheilpraxiskleespies.de\/index.php?rest_route=\/wp\/v2\/pages"}],"about":[{"href":"https:\/\/tierheilpraxiskleespies.de\/index.php?rest_route=\/wp\/v2\/types\/page"}],"author":[{"embeddable":true,"href":"https:\/\/tierheilpraxiskleespies.de\/index.php?rest_route=\/wp\/v2\/users\/1"}],"replies":[{"embeddable":true,"href":"https:\/\/tierheilpraxiskleespies.de\/index.php?rest_route=%2Fwp%2Fv2%2Fcomments&post=410"}],"version-history":[{"count":29,"href":"https:\/\/tierheilpraxiskleespies.de\/index.php?rest_route=\/wp\/v2\/pages\/410\/revisions"}],"predecessor-version":[{"id":800,"href":"https:\/\/tierheilpraxiskleespies.de\/index.php?rest_route=\/wp\/v2\/pages\/410\/revisions\/800"}],"wp:featuredmedia":[{"embeddable":true,"href":"https:\/\/tierheilpraxiskleespies.de\/index.php?rest_route=\/wp\/v2\/media\/630"}],"wp:attachment":[{"href":"https:\/\/tierheilpraxiskleespies.de\/index.php?rest_route=%2Fwp%2Fv2%2Fmedia&parent=410"}],"curies":[{"name":"wp","href":"https:\/\/api.w.org\/{rel}","templated":true}]}}