{"id":411,"date":"2021-04-23T15:58:47","date_gmt":"2021-04-23T15:58:47","guid":{"rendered":"https:\/\/tierheilpraxiskleespies.de\/?page_id=411"},"modified":"2023-05-08T12:33:26","modified_gmt":"2023-05-08T12:33:26","slug":"meine-praxis","status":"publish","type":"page","link":"https:\/\/tierheilpraxiskleespies.de\/?page_id=411","title":{"rendered":"Meine Praxis"},"content":{"rendered":"\n<div class=\"wp-block-media-text alignwide has-media-on-the-right is-stacked-on-mobile is-vertically-aligned-top\" style=\"grid-template-columns:auto 23%\"><div class=\"wp-block-media-text__content\">\n<p class=\"has-large-font-size\"><strong>Behandlung mit Bioresonanz <\/strong><span data-mce-type=\"bookmark\" id=\"mce_1_start\" data-mce-style=\"overflow:hidden;line-height:0px\" style=\"overflow:hidden;line-height:0px\"><span data-mce-type=\"bookmark\" id=\"mce_1_start\" data-mce-style=\"overflow:hidden;line-height:0px\" style=\"overflow:hidden;line-height:0px\"><span data-mce-type=\"bookmark\" id=\"mce_1_start\" data-mce-style=\"overflow:hidden;line-height:0px\" style=\"overflow:hidden;line-height:0px\"><span data-mce-type=\"bookmark\" id=\"mce_1_start\" data-mce-style=\"overflow:hidden;line-height:0px\" style=\"overflow:hidden;line-height:0px\"><span data-mce-type=\"bookmark\" id=\"mce_1_start\" data-mce-style=\"overflow:hidden;line-height:0px\" style=\"overflow:hidden;line-height:0px\"><span data-mce-type=\"bookmark\" id=\"mce_1_start\" data-mce-style=\"overflow:hidden;line-height:0px\" style=\"overflow:hidden;line-height:0px\"><span data-mce-type=\"bookmark\" id=\"mce_1_start\" data-mce-style=\"overflow:hidden;line-height:0px\" style=\"overflow:hidden;line-height:0px\"><span data-mce-type=\"bookmark\" id=\"mce_1_start\" data-mce-style=\"overflow:hidden;line-height:0px\" style=\"overflow:hidden;line-height:0px\"><span data-mce-type=\"bookmark\" id=\"mce_1_start\" data-mce-style=\"overflow:hidden;line-height:0px\" style=\"overflow:hidden;line-height:0px\"><\/span><\/span><\/span><\/span><\/span><\/span><\/span><\/span><\/span><\/p>\n\n\n\n<p>In den neu renovierten R\u00e4umen, ausgestattet mit allen Untersuchungsm\u00f6glichkeiten, finden Sie und Ihr Tier eine ruhige und entspannte Atmosph\u00e4re vor. So kann Ihr Tier sich stress- und angstfrei bewegen.<br><br>Wenn Sie zum ersten Mal mit Ihrem Tier in die Praxis kommen, dann nehmen Sie sich bitte 1-1,5 Stunden Zeit f\u00fcr eine ausf\u00fchrliche Erstanamnese, klinische Untersuchung und Befunderhebung.<br>Bitte bringen Sie auch bisherige Untersuchungsbefunde, wie z.B. Blutergebnisse, Impfpass, Medikamentenplan etc. mit!<\/p>\n\n\n\n<p><br>Gerne k\u00f6nnen Sie uns auch den <strong>Anamnesebogen<\/strong> vor unserem ersten Termin per E-Mail schicken.<br>&nbsp;<\/p>\n\n\n\n<p><strong>Die aktuellen Sprech- bzw. \u00d6ffnungszeiten sind:<\/strong><\/p>\n\n\n\n<p><strong>Tierheilpraxis Kleespies<\/strong><\/p>\n\n\n\n<p><strong>Normandiestr.6 <\/strong><\/p>\n\n\n\n<p><strong>97497 Dingolshausen<\/strong><\/p>\n\n\n\n<p><strong>Tel:09382\/31 49 48 oder 0173\/38 85 549<\/strong><\/p>\n\n\n\n<p>       <strong>Mo &#8211; Mi      10:00 &#8211; 19.00 <\/strong><\/p>\n\n\n\n<p>       <strong>Do &#8211; Sa      <\/strong> <strong>nach Vereinbarung<\/strong><\/p>\n<\/div><figure class=\"wp-block-media-text__media\"><img loading=\"lazy\" decoding=\"async\" width=\"768\" height=\"1024\" src=\"https:\/\/tierheilpraxiskleespies.de\/wp-content\/uploads\/2022\/11\/IMG_20220818_174512-768x1024.jpg\" alt=\"\" class=\"wp-image-733 size-full\" srcset=\"https:\/\/tierheilpraxiskleespies.de\/wp-content\/uploads\/2022\/11\/IMG_20220818_174512-768x1024.jpg 768w, https:\/\/tierheilpraxiskleespies.de\/wp-content\/uploads\/2022\/11\/IMG_20220818_174512-225x300.jpg 225w, https:\/\/tierheilpraxiskleespies.de\/wp-content\/uploads\/2022\/11\/IMG_20220818_174512-1152x1536.jpg 1152w, https:\/\/tierheilpraxiskleespies.de\/wp-content\/uploads\/2022\/11\/IMG_20220818_174512-1536x2048.jpg 1536w, https:\/\/tierheilpraxiskleespies.de\/wp-content\/uploads\/2022\/11\/IMG_20220818_174512-scaled.jpg 1920w\" sizes=\"auto, (max-width: 768px) 100vw, 768px\" \/><\/figure><\/div>\n\n\n\n<div class=\"wp-block-group\"><div class=\"wp-block-group__inner-container is-layout-flow wp-block-group-is-layout-flow\">\n<div class=\"wp-block-group\"><div class=\"wp-block-group__inner-container is-layout-flow wp-block-group-is-layout-flow\">\n<div class=\"wp-block-columns is-layout-flex wp-container-core-columns-is-layout-9d6595d7 wp-block-columns-is-layout-flex\">\n<div class=\"wp-block-column is-layout-flow wp-block-column-is-layout-flow\" style=\"flex-basis:100%\">\n<div class=\"wp-block-columns are-vertically-aligned-top is-layout-flex wp-container-core-columns-is-layout-9d6595d7 wp-block-columns-is-layout-flex\">\n<div class=\"wp-block-column is-vertically-aligned-top is-layout-flow wp-block-column-is-layout-flow\" style=\"flex-basis:100%\"><\/div>\n<\/div>\n<\/div>\n<\/div>\n\n\n\n<p>                                                                            <\/p>\n<\/div><\/div>\n<\/div><\/div>\n\n\n\n<div class=\"wp-block-group\"><div class=\"wp-block-group__inner-container is-layout-flow wp-block-group-is-layout-flow\">\n<div class=\"wp-block-columns is-layout-flex wp-container-core-columns-is-layout-9d6595d7 wp-block-columns-is-layout-flex\">\n<div class=\"wp-block-column is-layout-flow wp-block-column-is-layout-flow\" style=\"flex-basis:100%\"><div class=\"wp-block-image is-style-rounded\">\n<figure class=\"aligncenter size-large is-resized\"><img loading=\"lazy\" decoding=\"async\" src=\"https:\/\/tierheilpraxiskleespies.de\/wp-content\/uploads\/2022\/11\/IMG_20220913_132752-768x1024.jpg\" alt=\"\" class=\"wp-image-735\" width=\"203\" height=\"271\" srcset=\"https:\/\/tierheilpraxiskleespies.de\/wp-content\/uploads\/2022\/11\/IMG_20220913_132752-768x1024.jpg 768w, https:\/\/tierheilpraxiskleespies.de\/wp-content\/uploads\/2022\/11\/IMG_20220913_132752-225x300.jpg 225w, https:\/\/tierheilpraxiskleespies.de\/wp-content\/uploads\/2022\/11\/IMG_20220913_132752-1152x1536.jpg 1152w, https:\/\/tierheilpraxiskleespies.de\/wp-content\/uploads\/2022\/11\/IMG_20220913_132752-1536x2048.jpg 1536w, https:\/\/tierheilpraxiskleespies.de\/wp-content\/uploads\/2022\/11\/IMG_20220913_132752-scaled.jpg 1920w\" sizes=\"auto, (max-width: 203px) 100vw, 203px\" \/><\/figure>\n<\/div><\/div>\n<\/div>\n\n\n\n<p>                                                 <\/p>\n<\/div><\/div>\n\n\n\n<figure class=\"wp-block-embed is-type-video is-provider-youtube wp-block-embed-youtube\"><div class=\"wp-block-embed__wrapper\">\n<iframe loading=\"lazy\" hcb-fetch-image-from=\"https:\/\/youtu.be\/RtM5hL-H-38\" title=\"Bioresonanz BICOM - Die Erfolgswelle deutsch mit Untertiteln\" width=\"1160\" height=\"653\" src=\"https:\/\/www.youtube.com\/embed\/RtM5hL-H-38?feature=oembed\" frameborder=\"0\" allow=\"accelerometer; autoplay; clipboard-write; encrypted-media; gyroscope; picture-in-picture; web-share\" allowfullscreen><\/iframe>\n<\/div><figcaption class=\"wp-element-caption\">So funktioniert die Bioresonanz Methode<\/figcaption><\/figure>\n\n\n\n<p><strong>Anwendungsbeispiele der Bioresonanzkuren und &#8211; Therapien f\u00fcr Hunde\/ Katzen\u00a0und Pferden<\/strong><\/p>\n\n\n\n<ul class=\"wp-block-list\">\n<li>Entgiftungskur 2-3x pro Jahr<\/li>\n\n\n\n<li>Unterst\u00fctzung beim Fellwechsel im Fr\u00fchjahr und Herbst<\/li>\n\n\n\n<li>Bioresonanzkuren f\u00fcr alle Jahreszeiten<\/li>\n\n\n\n<li>Aufbaukur f\u00fcr das Immunsystem<\/li>\n\n\n\n<li>Aufbaukur f\u00fcr Senioren oder chronisch erkrankte Tiere<\/li>\n\n\n\n<li>Allergien und Nahrungsmittelunvertr\u00e4glichkeiten<\/li>\n\n\n\n<li>Unterst\u00fctzung bei allen Hautproblemen<\/li>\n\n\n\n<li>Chronische Arthrosen<\/li>\n\n\n\n<li>Unterst\u00fctzung bei allen Darmproblemen<\/li>\n\n\n\n<li>Stoffwechselst\u00f6rungen<\/li>\n\n\n\n<li>Unterst\u00fctzung bei organischen Beschwerden<\/li>\n\n\n\n<li>Impfvorbereitung und &#8211; Ausleitung<\/li>\n\n\n\n<li>Erholung nach Flugreisen<\/li>\n\n\n\n<li>Erk\u00e4ltungszeit\/Atemwegserkrankungen<\/li>\n\n\n\n<li>Unterst\u00fctzung f\u00fcr die Scheintr\u00e4chtigkeit<\/li>\n\n\n\n<li>Inkontinenz nach Kastration\/Prostata-OP<\/li>\n\n\n\n<li>Therapie f\u00fcr Auslandshunde<\/li>\n\n\n\n<li>Warzenbehandlung<\/li>\n\n\n\n<li>Zeckenprophylaxe<\/li>\n\n\n\n<li>Wundversorgung<\/li>\n<\/ul>\n","protected":false},"excerpt":{"rendered":"<p>Behandlung mit Bioresonanz In den neu renovierten R\u00e4umen, ausgestattet mit allen Untersuchungsm\u00f6glichkeiten, finden Sie und Ihr Tier eine ruhige und entspannte Atmosph\u00e4re vor. So kann Ihr Tier sich stress- und angstfrei bewegen. Wenn Sie zum ersten Mal mit Ihrem Tier in die Praxis kommen, dann nehmen Sie sich bitte 1-1,5 Stunden Zeit f\u00fcr eine ausf\u00fchrliche Erstanamnese, klinische Untersuchung und Befunderhebung.Bitte bringen Sie auch bisherige Untersuchungsbefunde, wie z.B. Blutergebnisse, Impfpass, Medikamentenplan etc. mit! Gerne k\u00f6nnen Sie uns auch den Anamnesebogen vor unserem ersten Termin per E-Mail schicken.&nbsp; Die aktuellen Sprech- bzw. \u00d6ffnungszeiten sind: Tierheilpraxis Kleespies Normandiestr.6 97497 Dingolshausen Tel:09382\/31 49 48 oder 0173\/38 85 549 Mo &#8211; Mi 10:00 &#8211; 19.00&hellip; <a class=\"read-more\" href=\"https:\/\/tierheilpraxiskleespies.de\/?page_id=411\">Mehr Lesen<\/a><\/p>\n","protected":false},"author":1,"featured_media":0,"parent":0,"menu_order":2,"comment_status":"closed","ping_status":"closed","template":"","meta":{"_kadence_starter_templates_imported_post":false,"footnotes":""},"class_list":["post-411","page","type-page","status-publish","hentry"],"_links":{"self":[{"href":"https:\/\/tierheilpraxiskleespies.de\/index.php?rest_route=\/wp\/v2\/pages\/411","targetHints":{"allow":["GET"]}}],"collection":[{"href":"https:\/\/tierheilpraxiskleespies.de\/index.php?rest_route=\/wp\/v2\/pages"}],"about":[{"href":"https:\/\/tierheilpraxiskleespies.de\/index.php?rest_route=\/wp\/v2\/types\/page"}],"author":[{"embeddable":true,"href":"https:\/\/tierheilpraxiskleespies.de\/index.php?rest_route=\/wp\/v2\/users\/1"}],"replies":[{"embeddable":true,"href":"https:\/\/tierheilpraxiskleespies.de\/index.php?rest_route=%2Fwp%2Fv2%2Fcomments&post=411"}],"version-history":[{"count":40,"href":"https:\/\/tierheilpraxiskleespies.de\/index.php?rest_route=\/wp\/v2\/pages\/411\/revisions"}],"predecessor-version":[{"id":818,"href":"https:\/\/tierheilpraxiskleespies.de\/index.php?rest_route=\/wp\/v2\/pages\/411\/revisions\/818"}],"wp:attachment":[{"href":"https:\/\/tierheilpraxiskleespies.de\/index.php?rest_route=%2Fwp%2Fv2%2Fmedia&parent=411"}],"curies":[{"name":"wp","href":"https:\/\/api.w.org\/{rel}","templated":true}]}}