{"id":413,"date":"2021-04-23T15:58:47","date_gmt":"2021-04-23T15:58:47","guid":{"rendered":"https:\/\/tierheilpraxiskleespies.de\/?page_id=413"},"modified":"2023-05-08T12:35:50","modified_gmt":"2023-05-08T12:35:50","slug":"leistungen","status":"publish","type":"page","link":"https:\/\/tierheilpraxiskleespies.de\/?page_id=413","title":{"rendered":"Leistungen \/ Therapien"},"content":{"rendered":"<div class=\"wp-block-image is-style-rounded\">\n<figure class=\"aligncenter size-large is-resized\"><img loading=\"lazy\" decoding=\"async\" src=\"https:\/\/tierheilpraxiskleespies.de\/wp-content\/uploads\/2021\/04\/IMG_20210408_075947-1024x768.jpg\" alt=\"\n\" class=\"wp-image-447\" width=\"533\" height=\"399\" srcset=\"https:\/\/tierheilpraxiskleespies.de\/wp-content\/uploads\/2021\/04\/IMG_20210408_075947-1024x768.jpg 1024w, https:\/\/tierheilpraxiskleespies.de\/wp-content\/uploads\/2021\/04\/IMG_20210408_075947-300x225.jpg 300w, https:\/\/tierheilpraxiskleespies.de\/wp-content\/uploads\/2021\/04\/IMG_20210408_075947-768x576.jpg 768w, https:\/\/tierheilpraxiskleespies.de\/wp-content\/uploads\/2021\/04\/IMG_20210408_075947-1536x1152.jpg 1536w, https:\/\/tierheilpraxiskleespies.de\/wp-content\/uploads\/2021\/04\/IMG_20210408_075947-2048x1536.jpg 2048w\" sizes=\"auto, (max-width: 533px) 100vw, 533px\" \/><figcaption class=\"wp-element-caption\"><strong><span style=\"color:#00d084\" class=\"tadv-color\">Die Bioresonanztherapie<\/span><\/strong><\/figcaption><\/figure>\n<\/div>\n\n\n<p>Was passiert bei der Behandlung mit Bioresonanz? Die Schwingungen des Tieres werden dabei erfasst, analysiert, umgewandelt und bei Bedarf in ver\u00e4nderter Form wieder dem Organismus zugef\u00fchrt. Damit verbessert sich die Kommunikation auf der Zellebene und beeinflusst die biochemischen Abl\u00e4ufe im Stoffwechsel positiv. Das stimuliert somit die Selbstheilungskr\u00e4fte und unterst\u00fctzt den Organismus. Fehlerhafte Impulse flie\u00dfen folglich wieder in eine gesunde Richtung.<\/p>\n\n\n\n<p>Leider kann uns ihr Tier nicht einfach mitteilen, was ihm gerade fehlt. Wo die Schulmedizin ausgesch\u00f6pft ist, oder begleitend, k\u00f6nnen alternative Behandlungsmethoden helfen, gesundheitliche Probleme zu beseitigen oder vorzubeugen. So ist die Behandlung mit dem  BICOM  optima\u00ae von Regumed eine sanfte, schmerzfreie Methode, die zur Gesundheit von Tieren ganz ohne Nebenwirkungen beitragen kann.&nbsp;Hinweis: Diese Therapieform ersetzt keinen Tierarzt.<\/p>\n\n\n\n<p><strong><span style=\"color:#00d084\" class=\"tadv-color\">Vorgehensweise meiner Testung und Therapie<\/span><\/strong><\/p>\n\n\n\n<p>Ich informiere mich in einem ersten Gespr\u00e4ch, bei Ihnen zu Hause oder in meiner Praxis, \u00fcber die Probleme meines neuen Patienten, welche Symptome liegen vor, Informationen vom Tierarzt, Einsicht in Blutbilder usw..<\/p>\n\n\n\n<p>Zur Bioresonanztestung und Therapie ben\u00f6tige ich von meinem Patienten vor allem zwei Tropfen Blut auf einem Tupfer.<\/p>\n\n\n\n<p>Je nach Art der vermuteten Allergie nehme ich Abstriche oder Proben z.B.: bei Verdacht auf Hausstaubmilbenallergie einen Abstrich vom eigenen Hausstaub, bei Verdacht auf Futtermittelallergie eine Probe von allem was dem Tier gef\u00fcttert wird (Leckerli, Futter usw.).<\/p>\n\n\n\n<p>Die Testung von Allergien oder sonstigen Belastungen (z.B. Borrelien, die von Zecken \u00fcbertragen werden) f\u00fchre ich allein zuhause durch.&nbsp;<\/p>\n\n\n\n<p><strong><span style=\"color:#00d084\" class=\"tadv-color\">Dazu habe ich verschiedene M\u00f6glichkeiten:<\/span><\/strong><\/p>\n\n\n\n<p>Zum einen teste ich&nbsp;worauf Ihr Tier reagiert, sozusagen wo es eine Entlastung braucht und zum andern was es vertr\u00e4gt. Auch bei psychischen&nbsp;St\u00f6rungen kann ich mit Bachbl\u00fcten, die ich speziell austeste, Ihrem Liebling gezielter helfen.<\/p>\n\n\n\n<p>Mit Hilfe von Testampullen aus den Bereichen Chemikalien, Parasiten, Industriegiften, Pollen, Bakterien und Viren, Lebensmittel usw. und den von Ihnen gestellten Proben kann ich herausfinden, worauf Ihr Tier allergisch reagiert und was vertr\u00e4glich f\u00fcr es ist.<\/p>\n\n\n<div class=\"wp-block-image is-style-rounded\">\n<figure class=\"aligncenter size-large is-resized\"><img loading=\"lazy\" decoding=\"async\" src=\"https:\/\/tierheilpraxiskleespies.de\/wp-content\/uploads\/2021\/06\/IMG-20210630-WA0006-768x1024.jpg\" alt=\"\" class=\"wp-image-638\" width=\"320\" height=\"427\" srcset=\"https:\/\/tierheilpraxiskleespies.de\/wp-content\/uploads\/2021\/06\/IMG-20210630-WA0006-768x1024.jpg 768w, https:\/\/tierheilpraxiskleespies.de\/wp-content\/uploads\/2021\/06\/IMG-20210630-WA0006-225x300.jpg 225w, https:\/\/tierheilpraxiskleespies.de\/wp-content\/uploads\/2021\/06\/IMG-20210630-WA0006-1152x1536.jpg 1152w, https:\/\/tierheilpraxiskleespies.de\/wp-content\/uploads\/2021\/06\/IMG-20210630-WA0006.jpg 1200w\" sizes=\"auto, (max-width: 320px) 100vw, 320px\" \/><figcaption class=\"wp-element-caption\"><strong>Therapie einiger Blockaden <\/strong><\/figcaption><\/figure>\n<\/div>\n\n\n<p><a href=\"https:\/\/www.bicom-veterinaer.de\">https:\/\/www.bicom-veterinaer.de<\/a><\/p>\n\n\n\n<p><\/p>\n\n\n\n<p><span style=\"color:#00d084\" class=\"tadv-color\"><strong>Lasertherapie (Low Level Laser)<\/strong><\/span><\/p>\n\n\n\n<p class=\"has-text-align-left\"><strong>Wundbehandlung und Schmerzentspannung:<\/strong><\/p>\n\n\n\n<p class=\"has-text-align-left\"> Bei Verletzungen sowie  Entz\u00fcndungen, Verschlei\u00df und St\u00f6rungen (Blutdruck, Atemfrequenz, Verdauung) ist h\u00e4ufig die Gewebs- und Organdurchblutung und die damit verbundene Regeneration gest\u00f6rt.&nbsp;Lasertherapie f\u00f6rdert die Durchblutung und Lymphzirkulation sowie einen z\u00fcgigen Abbau von \u00d6demen. Der Low Level Laser ist f\u00fcr ihr Tier angenehm, schmerz- und&nbsp; nebenwirkungsfrei. <\/p>\n\n\n\n<p><a href=\"http:\/\/www.mkw-laser.de\/\">http:\/\/www.mkw-laser.de\/<\/a><\/p>\n\n\n\n<p><\/p>\n\n\n\n<p class=\"has-luminous-vivid-amber-color has-text-color has-small-font-size\"><em><strong>DIE BICOM BIORESONANZ METHODE GEH\u00d6RT EBENSO WIE Z. B. DIE HOM\u00d6OPATHIE, DIE AKUPUNKTUR UND ANDERE VERFAHREN DER BESONDEREN THERAPIERICHTUNGEN IN DEN BEREICH DER REGULATIVEN MEDIZIN. INNERHALB DER BESONDEREN THERAPIERICHTUNGEN IST DIE BICOM BIORESONANZ THERAPIE ALS BEW\u00c4HRTE THERAPIEMETHODE ANERKANNT. IN DER SCHULMEDIZIN HINGEGEN IST DIE BICOM BIORESONANZ METHODE NICHT GEGENSTAND DER WISSENSCHAFTLICHEN FORSCHUNG UND AUCH NOCH NICHT ANERKANNT.<\/strong><\/em><\/p>\n","protected":false},"excerpt":{"rendered":"<p>Was passiert bei der Behandlung mit Bioresonanz? Die Schwingungen des Tieres werden dabei erfasst, analysiert, umgewandelt und bei Bedarf in ver\u00e4nderter Form wieder dem Organismus zugef\u00fchrt. Damit verbessert sich die Kommunikation auf der Zellebene und beeinflusst die biochemischen Abl\u00e4ufe im Stoffwechsel positiv. Das stimuliert somit die Selbstheilungskr\u00e4fte und unterst\u00fctzt den Organismus. Fehlerhafte Impulse flie\u00dfen folglich wieder in eine gesunde Richtung. Leider kann uns ihr Tier nicht einfach mitteilen, was ihm gerade fehlt. Wo die Schulmedizin ausgesch\u00f6pft ist, oder begleitend, k\u00f6nnen alternative Behandlungsmethoden helfen, gesundheitliche Probleme zu beseitigen oder vorzubeugen. So ist die Behandlung mit dem BICOM optima\u00ae von Regumed eine sanfte, schmerzfreie Methode, die zur Gesundheit von Tieren ganz ohne&hellip; <a class=\"read-more\" href=\"https:\/\/tierheilpraxiskleespies.de\/?page_id=413\">Mehr Lesen<\/a><\/p>\n","protected":false},"author":1,"featured_media":0,"parent":0,"menu_order":3,"comment_status":"closed","ping_status":"closed","template":"","meta":{"_kadence_starter_templates_imported_post":false,"footnotes":""},"class_list":["post-413","page","type-page","status-publish","hentry"],"_links":{"self":[{"href":"https:\/\/tierheilpraxiskleespies.de\/index.php?rest_route=\/wp\/v2\/pages\/413","targetHints":{"allow":["GET"]}}],"collection":[{"href":"https:\/\/tierheilpraxiskleespies.de\/index.php?rest_route=\/wp\/v2\/pages"}],"about":[{"href":"https:\/\/tierheilpraxiskleespies.de\/index.php?rest_route=\/wp\/v2\/types\/page"}],"author":[{"embeddable":true,"href":"https:\/\/tierheilpraxiskleespies.de\/index.php?rest_route=\/wp\/v2\/users\/1"}],"replies":[{"embeddable":true,"href":"https:\/\/tierheilpraxiskleespies.de\/index.php?rest_route=%2Fwp%2Fv2%2Fcomments&post=413"}],"version-history":[{"count":26,"href":"https:\/\/tierheilpraxiskleespies.de\/index.php?rest_route=\/wp\/v2\/pages\/413\/revisions"}],"predecessor-version":[{"id":820,"href":"https:\/\/tierheilpraxiskleespies.de\/index.php?rest_route=\/wp\/v2\/pages\/413\/revisions\/820"}],"wp:attachment":[{"href":"https:\/\/tierheilpraxiskleespies.de\/index.php?rest_route=%2Fwp%2Fv2%2Fmedia&parent=413"}],"curies":[{"name":"wp","href":"https:\/\/api.w.org\/{rel}","templated":true}]}}