{"id":513,"date":"2021-04-24T21:27:04","date_gmt":"2021-04-24T21:27:04","guid":{"rendered":"https:\/\/tierheilpraxiskleespies.de\/?page_id=513"},"modified":"2025-03-16T17:55:32","modified_gmt":"2025-03-16T17:55:32","slug":"ausbildung-und-lehrgaenge","status":"publish","type":"page","link":"https:\/\/tierheilpraxiskleespies.de\/?page_id=513","title":{"rendered":"Ausbildung und Lehrg\u00e4nge"},"content":{"rendered":"\n<p>2 j\u00e4hrige Ausbildung zur <span style=\"color:#00d084\" class=\"tadv-color\"><strong>Tierheilpraktikerin <\/strong><\/span>an der Natura Akademie in Prichsenstadt\/Laub&nbsp;\/ 2018-2021 mit bestandener schulischer Pr\u00fcfung und Pr\u00fcfung vor dem<strong> Verband freier Tierheilpraktiker<\/strong>. <\/p>\n\n\n\n<p><strong>Lehrg\u00e4nge:<\/strong><\/p>\n\n\n\n<p class=\"has-vivid-green-cyan-color has-text-color\">*Hom\u00f6opatische Hausapotheke  <strong>2003<\/strong><\/p>\n\n\n\n<p class=\"has-black-color has-text-color\">*Hom\u00f6opatische Konstitutionskurse <strong>2005<\/strong><\/p>\n\n\n\n<p class=\"has-vivid-green-cyan-color has-text-color\">*Hom\u00f6opathische Hausapotheke f\u00fcr Tiere <strong>2018<\/strong><\/p>\n\n\n\n<p class=\"has-black-color has-text-color\">*<strong>Gepr\u00fcfte Kr\u00e4uterfachfrau<\/strong> <strong>3\/2019-12\/2020<\/strong>&#8211; Hagesuse, Gerolzhofen<\/p>\n\n\n\n<p class=\"has-vivid-green-cyan-color has-text-color\">*Hom\u00f6opathische Notfallapotheke <strong>2019<\/strong><\/p>\n\n\n\n<p class=\"has-black-color has-text-color\">*Aromatherapie f\u00fcr Tiere <strong>3\/2019<\/strong><\/p>\n\n\n\n<p class=\"has-vivid-green-cyan-color has-text-color\">*Fachseminar Multimodales Schmerzmanagement Hund und Katze<strong> 4\/2019<\/strong><\/p>\n\n\n\n<p class=\"has-black-color has-text-color\">*Neuraltherapie nach Huneke <strong>5\/2019 + 7\/2019<\/strong><\/p>\n\n\n\n<p class=\"has-vivid-green-cyan-color has-text-color\">*Aroma\u00f6lmassage trifft Energetik- Pferd <strong>7\/2019<\/strong> -Daniela Leikauf<\/p>\n\n\n\n<p class=\"has-black-color has-text-color\">*Haustierapotheke, Begleitung bei Krebserkrankungen-Natura Akademie <strong>11\/2019<\/strong><\/p>\n\n\n\n<p class=\"has-vivid-green-cyan-color has-text-color\">*<strong>Pferdef\u00fchrerschein<\/strong> Judith Kempf L\u00fclsfeld 1\/2020<\/p>\n\n\n\n<p class=\"has-vivid-green-cyan-color has-text-color\">*Webinar- Nierenkranke Hunde richtig f\u00fcttern und behandeln- Anne Sasson,Berlin <strong>9\/2020-11\/2020,<\/strong><\/p>\n\n\n\n<p class=\"has-black-color has-text-color\">*Webinar \u201eDeinen Hund richtig impfen\u201c, Anne Sasson <strong>8\/2020-9\/2020<\/strong><\/p>\n\n\n\n<p class=\"has-vivid-green-cyan-color has-text-color\">*Webinar Durchfall bei Hund und Katze \/ <strong>12\/20<\/strong><\/p>\n\n\n\n<p class=\"has-black-color has-text-color\">*Webinar Endokrinologie Kleintier, Endokrinopathie Pferd Fa. Vetscreen <strong>2\/21<\/strong><\/p>\n\n\n\n<p class=\"has-vivid-green-cyan-color has-text-color\">*Webinar <strong>Sterbebegleitung <\/strong>bei Tieren, Paracelsus die Heilpraktikerschule <strong>3\/21<\/strong><\/p>\n\n\n\n<p>*Webinar Nat\u00fcrliche Parasitenabwehr, Paracelsus Heilpraktikerschule <strong>4\/21<\/strong><\/p>\n\n\n\n<p><span style=\"color:#00d084\" class=\"tadv-color\">*Webinar Darmnosoden Modul 1 Sarah Mergen <strong>7\/21-10\/21<\/strong><\/span><\/p>\n\n\n\n<p>*Allergien beim Hund in der Praxis <strong>24.9.21-18.11.21<\/strong>    <strong>Annette DRAGUN<\/strong> <\/p>\n\n\n\n<p>*<strong>TCM f\u00fcr Tiere<\/strong>&#8211; Ausbildung seit 1\/2022<\/p>\n\n\n\n<p class=\"has-vivid-green-cyan-color has-text-color\">*<strong>Catmedicum<\/strong> Allergien und Futtermittelunvertr\u00e4glichkeiten beim Hund und Katze  <strong>9\/22-1\/23<\/strong><\/p>\n\n\n\n<p><\/p>\n\n\n\n<p class=\"has-vivid-red-color has-text-color\">*<strong>Swanie Simon Ausbildung BARF Berater\/Ern\u00e4hrungsberater Hund\/Katze   2\/23<\/strong> bis <strong>2024<\/strong><\/p>\n\n\n\n<p>*Labordiagnostik thp schule Nadine Wolf 8\/24-10\/24<\/p>\n\n\n\n<p><\/p>\n\n\n\n<p>*<strong>APM nach Penzel am Hund Teil 1         3\/25<\/strong> ( Akupunktur Massage nach Penzel am Hund)<\/p>\n\n\n\n<figure class=\"wp-block-gallery has-nested-images columns-default is-cropped wp-block-gallery-2 is-layout-flex wp-block-gallery-is-layout-flex\"><\/figure>\n\n\n<div class=\"wp-block-image is-style-rounded\">\n<figure class=\"alignleft size-large is-resized\"><img loading=\"lazy\" decoding=\"async\" width=\"768\" height=\"1024\" src=\"https:\/\/tierheilpraxiskleespies.de\/wp-content\/uploads\/2021\/04\/IMG_20210408_075914-768x1024.jpg\" alt=\"\" class=\"wp-image-444\" style=\"width:514px;height:684px\" srcset=\"https:\/\/tierheilpraxiskleespies.de\/wp-content\/uploads\/2021\/04\/IMG_20210408_075914-768x1024.jpg 768w, https:\/\/tierheilpraxiskleespies.de\/wp-content\/uploads\/2021\/04\/IMG_20210408_075914-225x300.jpg 225w, https:\/\/tierheilpraxiskleespies.de\/wp-content\/uploads\/2021\/04\/IMG_20210408_075914-1152x1536.jpg 1152w, https:\/\/tierheilpraxiskleespies.de\/wp-content\/uploads\/2021\/04\/IMG_20210408_075914-1536x2048.jpg 1536w, https:\/\/tierheilpraxiskleespies.de\/wp-content\/uploads\/2021\/04\/IMG_20210408_075914-scaled.jpg 1920w\" sizes=\"auto, (max-width: 768px) 100vw, 768px\" \/><\/figure>\n<\/div>\n\n\n<figure class=\"wp-block-image is-resized\"><img loading=\"lazy\" decoding=\"async\" width=\"768\" height=\"1024\" src=\"https:\/\/tierheilpraxiskleespies.de\/wp-content\/uploads\/2021\/04\/IMG_20210408_075923-768x1024.jpg\" alt=\"\" class=\"wp-image-445\" style=\"width:514px;height:685px\" srcset=\"https:\/\/tierheilpraxiskleespies.de\/wp-content\/uploads\/2021\/04\/IMG_20210408_075923-768x1024.jpg 768w, https:\/\/tierheilpraxiskleespies.de\/wp-content\/uploads\/2021\/04\/IMG_20210408_075923-225x300.jpg 225w, https:\/\/tierheilpraxiskleespies.de\/wp-content\/uploads\/2021\/04\/IMG_20210408_075923-1152x1536.jpg 1152w, https:\/\/tierheilpraxiskleespies.de\/wp-content\/uploads\/2021\/04\/IMG_20210408_075923-1536x2048.jpg 1536w, https:\/\/tierheilpraxiskleespies.de\/wp-content\/uploads\/2021\/04\/IMG_20210408_075923-scaled.jpg 1920w\" sizes=\"auto, (max-width: 768px) 100vw, 768px\" \/><figcaption class=\"wp-element-caption\">Verbandspr\u00fcfung: Verband freier Tierheilpraktiker<\/figcaption><\/figure>\n","protected":false},"excerpt":{"rendered":"<p>2 j\u00e4hrige Ausbildung zur Tierheilpraktikerin an der Natura Akademie in Prichsenstadt\/Laub&nbsp;\/ 2018-2021 mit bestandener schulischer Pr\u00fcfung und Pr\u00fcfung vor dem Verband freier Tierheilpraktiker. Lehrg\u00e4nge: *Hom\u00f6opatische Hausapotheke 2003 *Hom\u00f6opatische Konstitutionskurse 2005 *Hom\u00f6opathische Hausapotheke f\u00fcr Tiere 2018 *Gepr\u00fcfte Kr\u00e4uterfachfrau 3\/2019-12\/2020&#8211; Hagesuse, Gerolzhofen *Hom\u00f6opathische Notfallapotheke 2019 *Aromatherapie f\u00fcr Tiere 3\/2019 *Fachseminar Multimodales Schmerzmanagement Hund und Katze 4\/2019 *Neuraltherapie nach Huneke 5\/2019 + 7\/2019 *Aroma\u00f6lmassage trifft Energetik- Pferd 7\/2019 -Daniela Leikauf *Haustierapotheke, Begleitung bei Krebserkrankungen-Natura Akademie 11\/2019 *Pferdef\u00fchrerschein Judith Kempf L\u00fclsfeld 1\/2020 *Webinar- Nierenkranke Hunde richtig f\u00fcttern und behandeln- Anne Sasson,Berlin 9\/2020-11\/2020, *Webinar \u201eDeinen Hund richtig impfen\u201c, Anne Sasson 8\/2020-9\/2020 *Webinar Durchfall bei Hund und Katze \/ 12\/20 *Webinar Endokrinologie Kleintier, Endokrinopathie Pferd Fa.&hellip; <a class=\"read-more\" href=\"https:\/\/tierheilpraxiskleespies.de\/?page_id=513\">Mehr Lesen<\/a><\/p>\n","protected":false},"author":2,"featured_media":0,"parent":0,"menu_order":4,"comment_status":"closed","ping_status":"closed","template":"","meta":{"_kadence_starter_templates_imported_post":false,"footnotes":""},"class_list":["post-513","page","type-page","status-publish","hentry"],"_links":{"self":[{"href":"https:\/\/tierheilpraxiskleespies.de\/index.php?rest_route=\/wp\/v2\/pages\/513","targetHints":{"allow":["GET"]}}],"collection":[{"href":"https:\/\/tierheilpraxiskleespies.de\/index.php?rest_route=\/wp\/v2\/pages"}],"about":[{"href":"https:\/\/tierheilpraxiskleespies.de\/index.php?rest_route=\/wp\/v2\/types\/page"}],"author":[{"embeddable":true,"href":"https:\/\/tierheilpraxiskleespies.de\/index.php?rest_route=\/wp\/v2\/users\/2"}],"replies":[{"embeddable":true,"href":"https:\/\/tierheilpraxiskleespies.de\/index.php?rest_route=%2Fwp%2Fv2%2Fcomments&post=513"}],"version-history":[{"count":30,"href":"https:\/\/tierheilpraxiskleespies.de\/index.php?rest_route=\/wp\/v2\/pages\/513\/revisions"}],"predecessor-version":[{"id":907,"href":"https:\/\/tierheilpraxiskleespies.de\/index.php?rest_route=\/wp\/v2\/pages\/513\/revisions\/907"}],"wp:attachment":[{"href":"https:\/\/tierheilpraxiskleespies.de\/index.php?rest_route=%2Fwp%2Fv2%2Fmedia&parent=513"}],"curies":[{"name":"wp","href":"https:\/\/api.w.org\/{rel}","templated":true}]}}