{"id":833,"date":"2023-07-24T18:30:46","date_gmt":"2023-07-24T18:30:46","guid":{"rendered":"https:\/\/tierheilpraxiskleespies.de\/?page_id=833"},"modified":"2023-08-16T12:26:12","modified_gmt":"2023-08-16T12:26:12","slug":"mobile-versorgung-betreuung","status":"publish","type":"page","link":"https:\/\/tierheilpraxiskleespies.de\/?page_id=833","title":{"rendered":"Mobile Versorgung\/Betreuung:"},"content":{"rendered":"\n<figure class=\"wp-block-image size-full is-style-rounded\"><img loading=\"lazy\" decoding=\"async\" width=\"374\" height=\"211\" src=\"https:\/\/tierheilpraxiskleespies.de\/wp-content\/uploads\/2021\/04\/1563040871871.jpg\" alt=\"\" class=\"wp-image-487\" srcset=\"https:\/\/tierheilpraxiskleespies.de\/wp-content\/uploads\/2021\/04\/1563040871871.jpg 374w, https:\/\/tierheilpraxiskleespies.de\/wp-content\/uploads\/2021\/04\/1563040871871-300x169.jpg 300w\" sizes=\"auto, (max-width: 374px) 100vw, 374px\" \/><\/figure>\n\n\n\n<p><\/p>\n\n\n\n<p><\/p>\n\n\n\n<p><strong>Wohin mit der Fellnase, wenn der Urlaub (nur bei Katzen)  <\/strong><\/p>\n\n\n\n<p><strong>oder ein kurzfristiger Termin ( Hund) ansteht<\/strong> <strong>???<\/strong> <\/p>\n\n\n\n<p><strong>Betreuung in den eigenen vier W\u00e4nden.<\/strong><\/p>\n\n\n\n<p><strong> Ich biete Ihnen eine liebevolle Betreuung Ihrer Lieblinge in Ihrem Zuhause.<\/strong><\/p>\n\n\n\n<p><strong>Die Betreuungszeit pro Besuch rechne ich mit 30 Minuten. An Feiertagen und Sonntagen erhebe ich 50% Zuschlag.<\/strong><\/p>\n\n\n\n<p><strong>Hunde&amp; Katzen: <\/strong><\/p>\n\n\n\n<p><strong>*F\u00fcttern, *kurze Gassirunde\/Hd. *N\u00e4pfe s\u00e4ubern, *Katzentoilette s\u00e4ubern, *Medikamentengabe wenn erforderlich, *Sichtkontrolle auf Verletzungen oder Auff\u00e4lligkeiten, <\/strong><\/p>\n\n\n\n<p><strong>Gerne<\/strong> <strong>Bilder per WhatsApp wenn gew\u00fcnscht:<\/strong><\/p>\n\n\n\n<p class=\"has-vivid-green-cyan-color has-text-color\"><strong>KATZEN :<\/strong><\/p>\n\n\n\n<p class=\"has-vivid-green-cyan-color has-text-color\"><strong>1x t\u00e4glich           15,00 EUR     <\/strong><\/p>\n\n\n\n<p class=\"has-vivid-green-cyan-color has-text-color\"><strong>2x t\u00e4glich           25,00 EUR<\/strong><\/p>\n\n\n\n<p><strong>HUNDE:<\/strong><\/p>\n\n\n\n<p><strong>1x t\u00e4glich<\/strong>              <strong>18,00 EUR <\/strong><\/p>\n\n\n\n<p><strong>2x t\u00e4glich  <\/strong>             <strong>30,00 EUR<\/strong><\/p>\n\n\n\n<p><strong>Die oben aufgef\u00fchrten Preise verstehen sich pro Tag, zzgl. Fahrtkosten (0,40EUR\/gefahrener Kilometer)<\/strong>.<\/p>\n","protected":false},"excerpt":{"rendered":"<p>Wohin mit der Fellnase, wenn der Urlaub (nur bei Katzen) oder ein kurzfristiger Termin ( Hund) ansteht ??? Betreuung in den eigenen vier W\u00e4nden. Ich biete Ihnen eine liebevolle Betreuung Ihrer Lieblinge in Ihrem Zuhause. Die Betreuungszeit pro Besuch rechne ich mit 30 Minuten. An Feiertagen und Sonntagen erhebe ich 50% Zuschlag. Hunde&amp; Katzen: *F\u00fcttern, *kurze Gassirunde\/Hd. *N\u00e4pfe s\u00e4ubern, *Katzentoilette s\u00e4ubern, *Medikamentengabe wenn erforderlich, *Sichtkontrolle auf Verletzungen oder Auff\u00e4lligkeiten, Gerne Bilder per WhatsApp wenn gew\u00fcnscht: KATZEN : 1x t\u00e4glich 15,00 EUR 2x t\u00e4glich 25,00 EUR HUNDE: 1x t\u00e4glich 18,00 EUR 2x t\u00e4glich 30,00 EUR Die oben aufgef\u00fchrten Preise verstehen sich pro Tag, zzgl. Fahrtkosten (0,40EUR\/gefahrener Kilometer).<\/p>\n","protected":false},"author":2,"featured_media":490,"parent":0,"menu_order":0,"comment_status":"closed","ping_status":"closed","template":"","meta":{"_kadence_starter_templates_imported_post":false,"footnotes":""},"class_list":["post-833","page","type-page","status-publish","has-post-thumbnail","hentry"],"_links":{"self":[{"href":"https:\/\/tierheilpraxiskleespies.de\/index.php?rest_route=\/wp\/v2\/pages\/833","targetHints":{"allow":["GET"]}}],"collection":[{"href":"https:\/\/tierheilpraxiskleespies.de\/index.php?rest_route=\/wp\/v2\/pages"}],"about":[{"href":"https:\/\/tierheilpraxiskleespies.de\/index.php?rest_route=\/wp\/v2\/types\/page"}],"author":[{"embeddable":true,"href":"https:\/\/tierheilpraxiskleespies.de\/index.php?rest_route=\/wp\/v2\/users\/2"}],"replies":[{"embeddable":true,"href":"https:\/\/tierheilpraxiskleespies.de\/index.php?rest_route=%2Fwp%2Fv2%2Fcomments&post=833"}],"version-history":[{"count":11,"href":"https:\/\/tierheilpraxiskleespies.de\/index.php?rest_route=\/wp\/v2\/pages\/833\/revisions"}],"predecessor-version":[{"id":848,"href":"https:\/\/tierheilpraxiskleespies.de\/index.php?rest_route=\/wp\/v2\/pages\/833\/revisions\/848"}],"wp:featuredmedia":[{"embeddable":true,"href":"https:\/\/tierheilpraxiskleespies.de\/index.php?rest_route=\/wp\/v2\/media\/490"}],"wp:attachment":[{"href":"https:\/\/tierheilpraxiskleespies.de\/index.php?rest_route=%2Fwp%2Fv2%2Fmedia&parent=833"}],"curies":[{"name":"wp","href":"https:\/\/api.w.org\/{rel}","templated":true}]}}